{"id":86,"date":"2025-07-17T12:49:30","date_gmt":"2025-07-17T12:49:30","guid":{"rendered":"https:\/\/jjb-chennevieressurmarne.fr\/?page_id=86"},"modified":"2025-07-17T12:49:31","modified_gmt":"2025-07-17T12:49:31","slug":"tarifs-et-horaires","status":"publish","type":"page","link":"https:\/\/jjb-chennevieressurmarne.fr\/index.php\/tarifs-et-horaires\/","title":{"rendered":"Tarifs et Horaires"},"content":{"rendered":"","protected":false},"excerpt":{"rendered":"","protected":false},"author":2,"featured_media":0,"parent":0,"menu_order":0,"comment_status":"closed","ping_status":"closed","template":"","meta":{"_seopress_robots_primary_cat":"","_seopress_titles_title":"","_seopress_titles_desc":"Consultez les tarifs et horaires des cours de Jiu-Jitsu Br\u00e9silien ados, adultes et f\u00e9minins. OFLC \u00e0 Champigny, Ormesson, Noiseau et Plessis tr\u00e9vise (Val-de-Marne).","_seopress_robots_index":"","footnotes":""},"class_list":["post-86","page","type-page","status-publish","hentry"],"_links":{"self":[{"href":"https:\/\/jjb-chennevieressurmarne.fr\/index.php\/wp-json\/wp\/v2\/pages\/86","targetHints":{"allow":["GET"]}}],"collection":[{"href":"https:\/\/jjb-chennevieressurmarne.fr\/index.php\/wp-json\/wp\/v2\/pages"}],"about":[{"href":"https:\/\/jjb-chennevieressurmarne.fr\/index.php\/wp-json\/wp\/v2\/types\/page"}],"author":[{"embeddable":true,"href":"https:\/\/jjb-chennevieressurmarne.fr\/index.php\/wp-json\/wp\/v2\/users\/2"}],"replies":[{"embeddable":true,"href":"https:\/\/jjb-chennevieressurmarne.fr\/index.php\/wp-json\/wp\/v2\/comments?post=86"}],"version-history":[{"count":1,"href":"https:\/\/jjb-chennevieressurmarne.fr\/index.php\/wp-json\/wp\/v2\/pages\/86\/revisions"}],"predecessor-version":[{"id":87,"href":"https:\/\/jjb-chennevieressurmarne.fr\/index.php\/wp-json\/wp\/v2\/pages\/86\/revisions\/87"}],"wp:attachment":[{"href":"https:\/\/jjb-chennevieressurmarne.fr\/index.php\/wp-json\/wp\/v2\/media?parent=86"}],"curies":[{"name":"wp","href":"https:\/\/api.w.org\/{rel}","templated":true}]}}