{"id":66,"date":"2025-07-17T09:17:26","date_gmt":"2025-07-17T09:17:26","guid":{"rendered":"https:\/\/jjb-chennevieressurmarne.fr\/?page_id=66"},"modified":"2025-07-17T09:17:27","modified_gmt":"2025-07-17T09:17:27","slug":"inscription","status":"publish","type":"page","link":"https:\/\/jjb-chennevieressurmarne.fr\/index.php\/inscription\/","title":{"rendered":"Inscription"},"content":{"rendered":"","protected":false},"excerpt":{"rendered":"","protected":false},"author":2,"featured_media":0,"parent":0,"menu_order":0,"comment_status":"closed","ping_status":"closed","template":"","meta":{"_seopress_robots_primary_cat":"","_seopress_titles_title":"","_seopress_titles_desc":"Inscrivez-vous aux cours de Jiu-Jitsu Br\u00e9silien chez OFLC \u00e0 Chennevi\u00e8res, Ormesson, Noiseau, Champigny et Pontault-Combault. Adultes, ados, section f\u00e9minine.","_seopress_robots_index":"","footnotes":""},"class_list":["post-66","page","type-page","status-publish","hentry"],"_links":{"self":[{"href":"https:\/\/jjb-chennevieressurmarne.fr\/index.php\/wp-json\/wp\/v2\/pages\/66","targetHints":{"allow":["GET"]}}],"collection":[{"href":"https:\/\/jjb-chennevieressurmarne.fr\/index.php\/wp-json\/wp\/v2\/pages"}],"about":[{"href":"https:\/\/jjb-chennevieressurmarne.fr\/index.php\/wp-json\/wp\/v2\/types\/page"}],"author":[{"embeddable":true,"href":"https:\/\/jjb-chennevieressurmarne.fr\/index.php\/wp-json\/wp\/v2\/users\/2"}],"replies":[{"embeddable":true,"href":"https:\/\/jjb-chennevieressurmarne.fr\/index.php\/wp-json\/wp\/v2\/comments?post=66"}],"version-history":[{"count":1,"href":"https:\/\/jjb-chennevieressurmarne.fr\/index.php\/wp-json\/wp\/v2\/pages\/66\/revisions"}],"predecessor-version":[{"id":67,"href":"https:\/\/jjb-chennevieressurmarne.fr\/index.php\/wp-json\/wp\/v2\/pages\/66\/revisions\/67"}],"wp:attachment":[{"href":"https:\/\/jjb-chennevieressurmarne.fr\/index.php\/wp-json\/wp\/v2\/media?parent=66"}],"curies":[{"name":"wp","href":"https:\/\/api.w.org\/{rel}","templated":true}]}}